{"id":3546,"date":"2018-05-06T08:30:11","date_gmt":"2018-05-06T01:30:11","guid":{"rendered":"http:\/\/camille.la-studioweb.com\/?page_id=1937"},"modified":"2021-06-01T18:14:31","modified_gmt":"2021-06-01T16:14:31","slug":"mentions-legales","status":"publish","type":"page","link":"https:\/\/minecraft4scrum.net\/en\/mentions-legales\/","title":{"rendered":"Terms and conditions"},"content":{"rendered":"<div class=\"vc_row wpb_row vc_row-fluid la_fp_slide la_fp_child_section\"><div class=\"wpb_column vc_column_container vc_col-sm-12\"><div class=\"vc_column-inner\"><div class=\"wpb_wrapper\">\n\t<div class=\"wpb_text_column wpb_content_element\" >\n\t\t<div class=\"wpb_wrapper\">\n\t\t\t<p class=\"p1\" style=\"text-align: center;\"><span style=\"color: #56b8b5;\">En vigueur au 31\/05\/2021<\/span><\/p>\n\n\t\t<\/div>\n\t<\/div>\n\n\t<div class=\"wpb_text_column wpb_content_element\" >\n\t\t<div class=\"wpb_wrapper\">\n\t\t\t<p class=\"p1\">Conform\u00e9ment aux dispositions des Articles 6-III et 19 de la Loi n\u00b02004-575 du 21 juin 2004 pour la Confiance dans l\u2019\u00e9conomie num\u00e9rique, dite L.C.E.N., il est port\u00e9 \u00e0 la connaissance des Utilisateurs du site minecraft4scrum.net les pr\u00e9sentes mentions l\u00e9gales.<\/p>\n<p class=\"p1\">La connexion et la navigation sur le site (indiquer le nom du site) par l\u2019Utilisateur implique acceptation int\u00e9grale et sans r\u00e9serve des pr\u00e9sentes mentions l\u00e9gales.<\/p>\n<p class=\"p1\">Ces derni\u00e8res sont accessibles sur le site \u00e0 la rubrique \u00ab Mentions l\u00e9gales \u00bb.<\/p>\n\n\t\t<\/div>\n\t<\/div>\n<div id=\"la_heading_69dbedbe2f0c1\" class=\"la-headings text-left\"><h2 class=\"js-el heading-tag la-unit-responsive\" style=\"color:#ffffff\" >ARTICLE 1 : L\u2019\u00e9diteur<\/h2><\/div>\n\n\t<div class=\"wpb_text_column wpb_content_element\" >\n\t\t<div class=\"wpb_wrapper\">\n\t\t\t<p class=\"p2\">L&rsquo;\u00e9dition du site minecraft4scrum.net est assur\u00e9e par la Soci\u00e9t\u00e9 SAS Klaxx au capital de 2000 euros, immatricul\u00e9e au RCS de LILLE sous le num\u00e9ro 89024965900016 dont le si\u00e8ge social est situ\u00e9 au 14 rue du moulin, 59177, SAINS DU NORD, adresse e-mail : minecraft4scrum@gmail.com.<\/p>\n<p class=\"p2\">N\u00b0 de TVA intracommunautaire : FR71890249659<\/p>\n<p class=\"p2\">Le Directeur de la publication est Xavier Koma<\/p>\n\n\t\t<\/div>\n\t<\/div>\n<div id=\"la_heading_69dbedbe2f249\" class=\"la-headings text-left\"><h2 class=\"js-el heading-tag la-unit-responsive\" style=\"color:#ffffff\" >ARTICLE 2 : L\u2019h\u00e9bergeur<\/h2><\/div>\n\n\t<div class=\"wpb_text_column wpb_content_element\" >\n\t\t<div class=\"wpb_wrapper\">\n\t\t\t<p class=\"p1\">L&rsquo;h\u00e9bergeur du site minecraft4scrum.net est la Soci\u00e9t\u00e9 OVH, dont le si\u00e8ge social est situ\u00e9 au OVH, 2 RUE KELLERMANN 59100 ROUBAIX , avec le num\u00e9ro de t\u00e9l\u00e9phone : 09 72 10 10 07.<\/p>\n\n\t\t<\/div>\n\t<\/div>\n<div id=\"la_heading_69dbedbe2f3ad\" class=\"la-headings text-left\"><h2 class=\"js-el heading-tag la-unit-responsive\" style=\"color:#ffffff\" >ARTICLE 3 : Acc\u00e8s au site<\/h2><\/div>\n\n\t<div class=\"wpb_text_column wpb_content_element\" >\n\t\t<div class=\"wpb_wrapper\">\n\t\t\t<p class=\"p1\">Le site est accessible par tout endroit, 7j\/7, 24h\/24 sauf cas de force majeure, interruption programm\u00e9e ou non et pouvant d\u00e9coulant d\u2019une n\u00e9cessit\u00e9 de maintenance.<\/p>\n<p class=\"p1\">En cas de modification, interruption ou suspension des services le site minecraft4scrum.net ne saurait \u00eatre tenu responsable.<\/p>\n\n\t\t<\/div>\n\t<\/div>\n<div id=\"la_heading_69dbedbe2f548\" class=\"la-headings text-left\"><h2 class=\"js-el heading-tag la-unit-responsive\" style=\"color:#ffffff\" >ARTICLE 4 : Collecte des donn\u00e9es<\/h2><\/div>\n\n\t<div class=\"wpb_text_column wpb_content_element\" >\n\t\t<div class=\"wpb_wrapper\">\n\t\t\t<p class=\"p1\">Le site est exempt\u00e9 de d\u00e9claration \u00e0 la Commission Nationale Informatique et Libert\u00e9s (CNIL) dans la mesure o\u00f9 il ne collecte aucune donn\u00e9e concernant les utilisateurs.<\/p>\n\n\t\t<\/div>\n\t<\/div>\n<div id=\"la_heading_69dbedbe2f6b9\" class=\"la-headings text-left\"><h2 class=\"js-el heading-tag la-unit-responsive\" style=\"color:#ffffff\" >ARTICLE 5 : Cookies<\/h2><\/div>\n\n\t<div class=\"wpb_text_column wpb_content_element\" >\n\t\t<div class=\"wpb_wrapper\">\n\t\t\t<p class=\"p1\">L\u2019Utilisateur est inform\u00e9 que lors de ses visites sur le site, un cookie peut s\u2019installer automatiquement sur son logiciel de navigation.<\/p>\n<p class=\"p1\">En naviguant sur le site, il les accepte.<\/p>\n<p class=\"p1\">Un cookie est un \u00e9l\u00e9ment qui ne permet pas d\u2019identifier l\u2019Utilisateur mais sert \u00e0 enregistrer des informations relatives \u00e0 la navigation de celui-ci sur le site Internet.<\/p>\n<p class=\"p1\">L\u2019Utilisateur pourra d\u00e9sactiver ce cookie par l\u2019interm\u00e9diaire des param\u00e8tres figurant au sein de son logiciel de navigation.<\/p>\n\n\t\t<\/div>\n\t<\/div>\n<div id=\"la_heading_69dbedbe2f828\" class=\"la-headings text-left\"><h2 class=\"js-el heading-tag la-unit-responsive\" style=\"color:#ffffff\" >ARTICLE 6 : Propri\u00e9t\u00e9 intellectuelle<\/h2><\/div>\n\n\t<div class=\"wpb_text_column wpb_content_element\" >\n\t\t<div class=\"wpb_wrapper\">\n\t\t\t<p class=\"p1\">Toute utilisation, reproduction, diffusion, commercialisation, modification de toute ou partie du site minecraft4scrum.net, sans autorisation de l\u2019Editeur est prohib\u00e9e et pourra entra\u00een\u00e9e des actions et poursuites judiciaires telles que notamment pr\u00e9vues par le Code de la propri\u00e9t\u00e9 intellectuelle et le Code civil.<\/p>\n\n\t\t<\/div>\n\t<\/div>\n\n\t<div class=\"wpb_text_column wpb_content_element\" >\n\t\t<div class=\"wpb_wrapper\">\n\t\t\t<p class=\"p1\">R\u00e9dig\u00e9 sur http:\/\/legalplace.fr<\/p>\n\n\t\t<\/div>\n\t<\/div>\n<\/div><\/div><\/div><\/div>","protected":false},"excerpt":{"rendered":"En vigueur au 31\/05\/2021 Conform\u00e9ment aux dispositions des Articles 6-III et 19 de la Loi n\u00b02004-575 du 21 juin 2004 pour la Confiance dans l\u2019\u00e9conomie&hellip;","protected":false},"author":2,"featured_media":0,"parent":0,"menu_order":0,"comment_status":"closed","ping_status":"closed","template":"","meta":{"_monsterinsights_skip_tracking":false,"_monsterinsights_sitenote_active":false,"_monsterinsights_sitenote_note":"","_monsterinsights_sitenote_category":0,"footnotes":""},"yoast_head":"<!-- This site is optimized with the Yoast SEO plugin v21.8 - https:\/\/yoast.com\/wordpress\/plugins\/seo\/ -->\n<title>Mentions L\u00e9gales - Minecraft 4 Scrum<\/title>\n<meta name=\"robots\" content=\"index, follow, max-snippet:-1, max-image-preview:large, max-video-preview:-1\" \/>\n<link rel=\"canonical\" href=\"https:\/\/minecraft4scrum.net\/en\/mentions-legales\/\" \/>\n<meta property=\"og:locale\" content=\"en_GB\" \/>\n<meta property=\"og:type\" content=\"article\" \/>\n<meta property=\"og:title\" content=\"Mentions L\u00e9gales - Minecraft 4 Scrum\" \/>\n<meta property=\"og:url\" content=\"https:\/\/minecraft4scrum.net\/en\/mentions-legales\/\" \/>\n<meta property=\"og:site_name\" content=\"Minecraft 4 Scrum\" \/>\n<meta property=\"article:modified_time\" content=\"2021-06-01T16:14:31+00:00\" \/>\n<meta name=\"twitter:card\" content=\"summary_large_image\" \/>\n<meta name=\"twitter:label1\" content=\"Estimated reading time\" \/>\n\t<meta name=\"twitter:data1\" content=\"2 minutes\" \/>\n<script type=\"application\/ld+json\" class=\"yoast-schema-graph\">{\"@context\":\"https:\/\/schema.org\",\"@graph\":[{\"@type\":\"WebPage\",\"@id\":\"https:\/\/minecraft4scrum.net\/mentions-legales\/\",\"url\":\"https:\/\/minecraft4scrum.net\/mentions-legales\/\",\"name\":\"Mentions L\u00e9gales - Minecraft 4 Scrum\",\"isPartOf\":{\"@id\":\"https:\/\/minecraft4scrum.net\/en\/#website\"},\"datePublished\":\"2018-05-06T01:30:11+00:00\",\"dateModified\":\"2021-06-01T16:14:31+00:00\",\"breadcrumb\":{\"@id\":\"https:\/\/minecraft4scrum.net\/mentions-legales\/#breadcrumb\"},\"inLanguage\":\"en-GB\",\"potentialAction\":[{\"@type\":\"ReadAction\",\"target\":[\"https:\/\/minecraft4scrum.net\/mentions-legales\/\"]}]},{\"@type\":\"BreadcrumbList\",\"@id\":\"https:\/\/minecraft4scrum.net\/mentions-legales\/#breadcrumb\",\"itemListElement\":[{\"@type\":\"ListItem\",\"position\":1,\"name\":\"Accueil\",\"item\":\"https:\/\/minecraft4scrum.net\/\"},{\"@type\":\"ListItem\",\"position\":2,\"name\":\"Mentions L\u00e9gales\"}]},{\"@type\":\"WebSite\",\"@id\":\"https:\/\/minecraft4scrum.net\/en\/#website\",\"url\":\"https:\/\/minecraft4scrum.net\/en\/\",\"name\":\"Minecraft 4 Scrum\",\"description\":\"Le Serious Game qui vous rend agile.\",\"potentialAction\":[{\"@type\":\"SearchAction\",\"target\":{\"@type\":\"EntryPoint\",\"urlTemplate\":\"https:\/\/minecraft4scrum.net\/en\/?s={search_term_string}\"},\"query-input\":\"required name=search_term_string\"}],\"inLanguage\":\"en-GB\"}]}<\/script>\n<!-- \/ Yoast SEO plugin. -->","yoast_head_json":{"title":"Mentions L\u00e9gales - Minecraft 4 Scrum","robots":{"index":"index","follow":"follow","max-snippet":"max-snippet:-1","max-image-preview":"max-image-preview:large","max-video-preview":"max-video-preview:-1"},"canonical":"https:\/\/minecraft4scrum.net\/en\/mentions-legales\/","og_locale":"en_GB","og_type":"article","og_title":"Mentions L\u00e9gales - Minecraft 4 Scrum","og_url":"https:\/\/minecraft4scrum.net\/en\/mentions-legales\/","og_site_name":"Minecraft 4 Scrum","article_modified_time":"2021-06-01T16:14:31+00:00","twitter_card":"summary_large_image","twitter_misc":{"Estimated reading time":"2 minutes"},"schema":{"@context":"https:\/\/schema.org","@graph":[{"@type":"WebPage","@id":"https:\/\/minecraft4scrum.net\/mentions-legales\/","url":"https:\/\/minecraft4scrum.net\/mentions-legales\/","name":"Mentions L\u00e9gales - Minecraft 4 Scrum","isPartOf":{"@id":"https:\/\/minecraft4scrum.net\/en\/#website"},"datePublished":"2018-05-06T01:30:11+00:00","dateModified":"2021-06-01T16:14:31+00:00","breadcrumb":{"@id":"https:\/\/minecraft4scrum.net\/mentions-legales\/#breadcrumb"},"inLanguage":"en-GB","potentialAction":[{"@type":"ReadAction","target":["https:\/\/minecraft4scrum.net\/mentions-legales\/"]}]},{"@type":"BreadcrumbList","@id":"https:\/\/minecraft4scrum.net\/mentions-legales\/#breadcrumb","itemListElement":[{"@type":"ListItem","position":1,"name":"Accueil","item":"https:\/\/minecraft4scrum.net\/"},{"@type":"ListItem","position":2,"name":"Mentions L\u00e9gales"}]},{"@type":"WebSite","@id":"https:\/\/minecraft4scrum.net\/en\/#website","url":"https:\/\/minecraft4scrum.net\/en\/","name":"Minecraft 4 Scrum","description":"Le Serious Game qui vous rend agile.","potentialAction":[{"@type":"SearchAction","target":{"@type":"EntryPoint","urlTemplate":"https:\/\/minecraft4scrum.net\/en\/?s={search_term_string}"},"query-input":"required name=search_term_string"}],"inLanguage":"en-GB"}]}},"jetpack_sharing_enabled":true,"_links":{"self":[{"href":"https:\/\/minecraft4scrum.net\/en\/wp-json\/wp\/v2\/pages\/3546"}],"collection":[{"href":"https:\/\/minecraft4scrum.net\/en\/wp-json\/wp\/v2\/pages"}],"about":[{"href":"https:\/\/minecraft4scrum.net\/en\/wp-json\/wp\/v2\/types\/page"}],"author":[{"embeddable":true,"href":"https:\/\/minecraft4scrum.net\/en\/wp-json\/wp\/v2\/users\/2"}],"replies":[{"embeddable":true,"href":"https:\/\/minecraft4scrum.net\/en\/wp-json\/wp\/v2\/comments?post=3546"}],"version-history":[{"count":6,"href":"https:\/\/minecraft4scrum.net\/en\/wp-json\/wp\/v2\/pages\/3546\/revisions"}],"predecessor-version":[{"id":4757,"href":"https:\/\/minecraft4scrum.net\/en\/wp-json\/wp\/v2\/pages\/3546\/revisions\/4757"}],"wp:attachment":[{"href":"https:\/\/minecraft4scrum.net\/en\/wp-json\/wp\/v2\/media?parent=3546"}],"curies":[{"name":"wp","href":"https:\/\/api.w.org\/{rel}","templated":true}]}}