{"id":2569,"date":"2018-05-12T20:29:46","date_gmt":"2018-05-12T13:29:46","guid":{"rendered":"https:\/\/camille.la-studioweb.com\/?page_id=2569"},"modified":"2021-11-15T15:19:49","modified_gmt":"2021-11-15T14:19:49","slug":"les-offres","status":"publish","type":"page","link":"https:\/\/minecraft4scrum.net\/en\/les-offres\/","title":{"rendered":"Offers"},"content":{"rendered":"<div class=\"vc_section la-section-type-off la_fp_section\"><div class=\"vc_row wpb_row vc_row-fluid  la_fp_child_section\"><div class=\"wpb_column vc_column_container vc_col-sm-12\"><div class=\"vc_column-inner\"><div class=\"wpb_wrapper\"><div id=\"la_divider69dbed22761e9\" class=\"js-el la-divider la-unit-responsive\" data-la_component=\"UnitResponsive\"  data-el_target='#la_divider69dbed22761e9'  data-el_media_sizes='{&quot;padding-top&quot;:&quot;lg:20px;&quot;}' ><\/div>\n<div id=\"la_heading_69dbed2276367\" class=\"la-headings text-left\"><h2 class=\"js-el heading-tag la-unit-responsive\" style=\"color:#ffffff\" >Find the right workshop for you:<\/h2><\/div>\n<div id=\"la_divider69dbed22763bf\" class=\"js-el la-divider la-unit-responsive\" data-la_component=\"UnitResponsive\"  data-el_target='#la_divider69dbed22763bf'  data-el_media_sizes='{&quot;padding-top&quot;:&quot;lg:30px;&quot;}' ><\/div>\n<\/div><\/div><\/div><\/div><div class=\"vc_row wpb_row vc_row-fluid  la_fp_child_section\"><div class=\"wpb_column vc_column_container vc_col-sm-3\"><div class=\"vc_column-inner\"><div class=\"wpb_wrapper\"><div id=\"la_pricing_69dbed22767ed\" class=\"pricing wpb_content_element style-3\">\n    <div class=\"pricing__item\">\n        <div class=\"pricing__wrap_icon\"><div class=\"pricing__icon js-el\" style=\"color:#56b8b5\" data-la_component=\"UnitResponsive\"  data-el_target='#la_pricing_69dbed22767ed .pricing__item .pricing__wrap_icon .pricing__icon'  data-el_media_sizes='{&quot;font-size&quot;:&quot;&quot;,&quot;line-height&quot;:&quot;&quot;,&quot;width&quot;:&quot;&quot;,&quot;height&quot;:&quot;&quot;}' ><img loading=\"lazy\" decoding=\"async\" width=\"596\" height=\"261\" src=\"https:\/\/i0.wp.com\/minecraft4scrum.net\/wp-content\/uploads\/2021\/04\/Logo_M4S_3.png?fit=596%2C261&amp;ssl=1\" class=\"attachment-full size-full\" alt=\"\" \/><\/div><\/div><div class=\"pricing__title js-el\" style=\"color:#56b8b5\"><\/div><div class=\"pricing__desc js-el\" style=\"color:#ffffff\"><\/div><div class=\"pricing__feature-list js-el\" style=\"color:#ffffff\" data-la_component=\"UnitResponsive\"  data-el_target='#la_pricing_69dbed22767ed .pricing__item .pricing__feature-list'  data-el_media_sizes='{&quot;font-size&quot;:&quot;lg:12px;&quot;,&quot;line-height&quot;:&quot;&quot;}' ><ul><li class=\"pricing__feature\"><span>Build a product vision<\/span><\/li><li class=\"pricing__feature\"><span>Learn about Scrum roles<\/span><\/li><li class=\"pricing__feature\"><span>Experience sprints !<\/span><\/li><\/ul><\/div><div class=\"pricing__action\"><a class=\"js-el\" href=\"https:\/\/minecraft4scrum.net\/en\/contactez-nous\/\" target=\"_self\" title=\"Contact us\" style=\"\"><span>Quote Request<\/span><\/a><\/div>    <\/div>\n<\/div>\n<span data-la_component=\"InsertCustomCSS\" class=\"js-el hidden\">\n\n<\/span><\/div><\/div><\/div><div class=\"wpb_column vc_column_container vc_col-sm-3\"><div class=\"vc_column-inner\"><div class=\"wpb_wrapper\"><div id=\"la_pricing_69dbed2276df3\" class=\"pricing wpb_content_element style-3\">\n    <div class=\"pricing__item\">\n        <div class=\"pricing__wrap_icon\"><div class=\"pricing__icon js-el\" style=\"color:#05a357\" data-la_component=\"UnitResponsive\"  data-el_target='#la_pricing_69dbed2276df3 .pricing__item .pricing__wrap_icon .pricing__icon'  data-el_media_sizes='{&quot;font-size&quot;:&quot;&quot;,&quot;line-height&quot;:&quot;&quot;,&quot;width&quot;:&quot;&quot;,&quot;height&quot;:&quot;&quot;}' ><img loading=\"lazy\" decoding=\"async\" width=\"596\" height=\"261\" src=\"https:\/\/i0.wp.com\/minecraft4scrum.net\/wp-content\/uploads\/2021\/04\/Logo_M4S_3_1.png?fit=596%2C261&amp;ssl=1\" class=\"attachment-full size-full\" alt=\"\" \/><\/div><\/div><div class=\"pricing__title js-el\" style=\"\"><\/div><div class=\"pricing__desc js-el\" style=\"color:#ffffff\"><\/div><div class=\"pricing__feature-list js-el\" style=\"color:#ffffff\" data-la_component=\"UnitResponsive\"  data-el_target='#la_pricing_69dbed2276df3 .pricing__item .pricing__feature-list'  data-el_media_sizes='{&quot;font-size&quot;:&quot;lg:12px;&quot;,&quot;line-height&quot;:&quot;&quot;}' ><ul><li class=\"pricing__feature\"><span>Design our own Kanban systeme<\/span><\/li><li class=\"pricing__feature\"><span>Visual your flow<\/span><\/li><li class=\"pricing__feature\"><span>Limit your work-in-progress<\/span><\/li><\/ul><\/div><div class=\"pricing__action\"><a class=\"js-el\" href=\"https:\/\/minecraft4scrum.net\/en\/contactez-nous\/\" target=\"_self\" title=\"Contact us\" style=\"\"><span>Quote Request<\/span><\/a><\/div>    <\/div>\n<\/div>\n<span data-la_component=\"InsertCustomCSS\" class=\"js-el hidden\">\n\n<\/span><\/div><\/div><\/div><div class=\"wpb_column vc_column_container vc_col-sm-3\"><div class=\"vc_column-inner\"><div class=\"wpb_wrapper\"><div id=\"la_pricing_69dbed227731a\" class=\"pricing wpb_content_element style-3\">\n    <div class=\"pricing__item\">\n        <div class=\"pricing__wrap_icon\"><div class=\"pricing__icon js-el\" style=\"color:#6756a0\" data-la_component=\"UnitResponsive\"  data-el_target='#la_pricing_69dbed227731a .pricing__item .pricing__wrap_icon .pricing__icon'  data-el_media_sizes='{&quot;font-size&quot;:&quot;&quot;,&quot;line-height&quot;:&quot;&quot;,&quot;width&quot;:&quot;&quot;,&quot;height&quot;:&quot;&quot;}' ><img loading=\"lazy\" decoding=\"async\" width=\"596\" height=\"261\" src=\"https:\/\/i0.wp.com\/minecraft4scrum.net\/wp-content\/uploads\/2021\/04\/Logo_M4S_3_2.png?fit=596%2C261&amp;ssl=1\" class=\"attachment-full size-full\" alt=\"\" \/><\/div><\/div><div class=\"pricing__title js-el\" style=\"\"><\/div><div class=\"pricing__desc js-el\" style=\"color:#ffffff\"><\/div><div class=\"pricing__feature-list js-el\" style=\"color:#ffffff\" data-la_component=\"UnitResponsive\"  data-el_target='#la_pricing_69dbed227731a .pricing__item .pricing__feature-list'  data-el_media_sizes='{&quot;font-size&quot;:&quot;lg:12px;&quot;,&quot;line-height&quot;:&quot;&quot;}' ><ul><li class=\"pricing__feature\"><span>Test ! Deploy ! Automate !<\/span><\/li><li class=\"pricing__feature\"><span>Connect with your peers<\/span><\/li><li class=\"pricing__feature\"><span>Manage dependencies<\/span><\/li><\/ul><\/div><div class=\"pricing__action\"><a class=\"js-el\" href=\"https:\/\/minecraft4scrum.net\/en\/contactez-nous\/\" target=\"_self\" title=\"Contact us\" style=\"\"><span>Quote Request<\/span><\/a><\/div>    <\/div>\n<\/div>\n<span data-la_component=\"InsertCustomCSS\" class=\"js-el hidden\">\n\n<\/span><\/div><\/div><\/div><div class=\"wpb_column vc_column_container vc_col-sm-3\"><div class=\"vc_column-inner\"><div class=\"wpb_wrapper\"><div id=\"la_pricing_69dbed227783e\" class=\"pricing wpb_content_element style-3\">\n    <div class=\"pricing__item\">\n        <div class=\"pricing__wrap_icon\"><div class=\"pricing__icon js-el\" style=\"color:#56b8b5\" data-la_component=\"UnitResponsive\"  data-el_target='#la_pricing_69dbed227783e .pricing__item .pricing__wrap_icon .pricing__icon'  data-el_media_sizes='{&quot;font-size&quot;:&quot;lg:35px;&quot;,&quot;line-height&quot;:&quot;&quot;,&quot;width&quot;:&quot;&quot;,&quot;height&quot;:&quot;&quot;}' ><span><i class=\"entypo-icon entypo-icon-help\"><\/i><\/span><\/div><\/div><div class=\"pricing__title js-el\" style=\"color:#56b8b5\">Need help ?<\/div><div class=\"pricing__desc js-el\" style=\"color:#ffffff\"><\/div><div class=\"pricing__feature-list js-el\" style=\"color:#ffffff\" data-la_component=\"UnitResponsive\"  data-el_target='#la_pricing_69dbed227783e .pricing__item .pricing__feature-list'  data-el_media_sizes='{&quot;font-size&quot;:&quot;lg:12px;&quot;,&quot;line-height&quot;:&quot;&quot;}' ><ul><li class=\"pricing__feature\"><span>Explain your challenges and your objectives so we can develop a strategy together.<\/span><\/li><\/ul><\/div><div class=\"pricing__action\"><a class=\"js-el\" href=\"https:\/\/calendly.com\/xavier-koma\/minecraft4scrum-l-equipe-vous-anime-un-atelier-sur-mesure\" target=\"_self\" title=\"Book a Meeting Calendly with Xavier\" style=\"\"><span>Contact us<\/span><\/a><\/div>    <\/div>\n<\/div>\n<span data-la_component=\"InsertCustomCSS\" class=\"js-el hidden\">\n\n<\/span><\/div><\/div><\/div><\/div><\/div><div class=\"vc_row wpb_row vc_row-fluid la_fp_slide la_fp_child_section\"><div class=\"wpb_column vc_column_container vc_col-sm-12\"><div class=\"vc_column-inner\"><div class=\"wpb_wrapper\"><div id=\"la_divider69dbed2277b1f\" class=\"js-el la-divider la-unit-responsive\" data-la_component=\"UnitResponsive\"  data-el_target='#la_divider69dbed2277b1f'  data-el_media_sizes='{&quot;padding-top&quot;:&quot;lg:20px;&quot;}' ><\/div>\n<div id=\"la_heading_69dbed2277bc9\" class=\"la-headings text-left\"><h2 class=\"js-el heading-tag la-unit-responsive\" style=\"color:#ffffff\" >FAQ<\/h2><\/div>\n<div id=\"la_divider69dbed2277c0e\" class=\"js-el la-divider la-unit-responsive\" data-la_component=\"UnitResponsive\"  data-el_target='#la_divider69dbed2277c0e'  data-el_media_sizes='{&quot;padding-top&quot;:&quot;lg:50px;&quot;}' ><\/div>\n<\/div><\/div><\/div><\/div><div class=\"vc_row wpb_row vc_row-fluid la_fp_slide la_fp_child_section\"><div class=\"wpb_column vc_column_container vc_col-sm-6\"><div class=\"vc_column-inner\"><div class=\"wpb_wrapper\"><div class=\"vc_tta-container la__ttaac tta--3\" data-vc-action=\"collapse\"><div class=\"vc_general vc_tta vc_tta-accordion accordion--3 vc_tta-controls-align-left\"><div class=\"vc_tta-panels-container\"><div class=\"vc_tta-panels\"><div class=\"vc_tta-panel vc_active\" id=\"1623242913444-cf72974e-ed43\" data-vc-content=\".vc_tta-panel-body\"><div class=\"vc_tta-panel-heading\"><h4 class=\"vc_tta-panel-title vc_tta-controls-icon-position-left\"><a href=\"#1623242913444-cf72974e-ed43\" data-vc-accordion data-vc-container=\".vc_tta-container\"><span class=\"vc_tta-title-text\">How many people peuvent participer \u00e0 l'atelier ?<\/span><i class=\"vc_tta-controls-icon vc_tta-controls-icon-plus\"><\/i><\/a><\/h4><\/div><div class=\"vc_tta-panel-body\">\n\t<div class=\"wpb_text_column wpb_content_element\" >\n\t\t<div class=\"wpb_wrapper\">\n\t\t\t<p><span style=\"font-weight: 400; color: #ffffff;\">The workshop can fit in any number of people.\u00a0<\/span><\/p>\n<p><span style=\"font-weight: 400; color: #ffffff;\">The workshop has already been played for 4 to 40 people. But to accomedate 40 people, more Minecraft faciltator is required (at least 3 more)<\/span><\/p>\n\n\t\t<\/div>\n\t<\/div>\n<\/div><\/div><div class=\"vc_tta-panel\" id=\"1623242913464-1fe15221-3c7a\" data-vc-content=\".vc_tta-panel-body\"><div class=\"vc_tta-panel-heading\"><h4 class=\"vc_tta-panel-title vc_tta-controls-icon-position-left\"><a href=\"#1623242913464-1fe15221-3c7a\" data-vc-accordion data-vc-container=\".vc_tta-container\"><span class=\"vc_tta-title-text\">How is the support provided throughout the workshop?<\/span><i class=\"vc_tta-controls-icon vc_tta-controls-icon-plus\"><\/i><\/a><\/h4><\/div><div class=\"vc_tta-panel-body\">\n\t<div class=\"wpb_text_column wpb_content_element\" >\n\t\t<div class=\"wpb_wrapper\">\n\t\t\t<p><span style=\"font-weight: 400; color: #ffffff;\">The facilitators are present all throught the workshop to provide full support.<\/span><\/p>\n<p><span style=\"font-weight: 400; color: #ffffff;\">In light of the current sanitary mesures, we are offering a remote workshop thank to the plateform Discord. We can also play at Minecraft4Scrum in person.<\/span><\/p>\n\n\t\t<\/div>\n\t<\/div>\n<\/div><\/div><div class=\"vc_tta-panel\" id=\"1623244888793-aaafb79e-264d\" data-vc-content=\".vc_tta-panel-body\"><div class=\"vc_tta-panel-heading\"><h4 class=\"vc_tta-panel-title vc_tta-controls-icon-position-left\"><a href=\"#1623244888793-aaafb79e-264d\" data-vc-accordion data-vc-container=\".vc_tta-container\"><span class=\"vc_tta-title-text\">What are the prerequisie for the workshop ?<\/span><i class=\"vc_tta-controls-icon vc_tta-controls-icon-plus\"><\/i><\/a><\/h4><\/div><div class=\"vc_tta-panel-body\">\n\t<div class=\"wpb_text_column wpb_content_element\" >\n\t\t<div class=\"wpb_wrapper\">\n\t\t\t<p><span style=\"color: #ffffff;\"><span style=\"font-weight: 400;\">We will ask you to install the game Minecraft Java.<\/span><span style=\"font-weight: 400;\"><br \/>\n<\/span><\/span><\/p>\n<p><span style=\"font-weight: 400; color: #ffffff;\">A video on how to play at Minecraft will be up soon on our YouTube channel. We will explain the basic controls of the game so every one can enjoy fully the workshop.\u00a0<\/span><\/p>\n<p><span style=\"font-weight: 400; color: #ffffff;\">A brief is to be expected on the goals of the workshop and the different organizational tools.<\/span><\/p>\n<p><span style=\"font-weight: 400; color: #ffffff;\">You will also have to install Discord and have an internet connexion.<\/span><\/p>\n\n\t\t<\/div>\n\t<\/div>\n<\/div><\/div><\/div><\/div><\/div><\/div><\/div><\/div><\/div><div class=\"wpb_column vc_column_container vc_col-sm-6\"><div class=\"vc_column-inner\"><div class=\"wpb_wrapper\"><div class=\"vc_tta-container la__ttaac tta--3\" data-vc-action=\"collapse\"><div class=\"vc_general vc_tta vc_tta-accordion accordion--3 vc_tta-controls-align-left\"><div class=\"vc_tta-panels-container\"><div class=\"vc_tta-panels\"><div class=\"vc_tta-panel\" id=\"1623244917610-6f3033f6-cde5\" data-vc-content=\".vc_tta-panel-body\"><div class=\"vc_tta-panel-heading\"><h4 class=\"vc_tta-panel-title vc_tta-controls-icon-position-left\"><a href=\"#1623244917610-6f3033f6-cde5\" data-vc-accordion data-vc-container=\".vc_tta-container\"><span class=\"vc_tta-title-text\">How much does a workshop cost ?<\/span><i class=\"vc_tta-controls-icon vc_tta-controls-icon-plus\"><\/i><\/a><\/h4><\/div><div class=\"vc_tta-panel-body\">\n\t<div class=\"wpb_text_column wpb_content_element\" >\n\t\t<div class=\"wpb_wrapper\">\n\t\t\t<p><span style=\"font-weight: 400; color: #ffffff;\">This workshop can be adapted according to the number of participants so that we can determine whether it is necessary to block a full day or a half day for one facilitator.<\/span><\/p>\n<p><span style=\"font-weight: 400; color: #ffffff;\">An estimate will then be made according to your needs and expectations.<\/span><span style=\"font-weight: 400;\"><br \/>\n<\/span><\/p>\n\n\t\t<\/div>\n\t<\/div>\n<\/div><\/div><div class=\"vc_tta-panel\" id=\"1623244917648-eaff4f66-956c\" data-vc-content=\".vc_tta-panel-body\"><div class=\"vc_tta-panel-heading\"><h4 class=\"vc_tta-panel-title vc_tta-controls-icon-position-left\"><a href=\"#1623244917648-eaff4f66-956c\" data-vc-accordion data-vc-container=\".vc_tta-container\"><span class=\"vc_tta-title-text\">Is there a subscribtion ? A limited time of use ?<\/span><i class=\"vc_tta-controls-icon vc_tta-controls-icon-plus\"><\/i><\/a><\/h4><\/div><div class=\"vc_tta-panel-body\">\n\t<div class=\"wpb_text_column wpb_content_element\" >\n\t\t<div class=\"wpb_wrapper\">\n\t\t\t<p><span style=\"font-weight: 400; color: #ffffff;\">This is not a subscribtion. Together we will set a date that is convenient for your entire team.<\/span><span style=\"font-weight: 400;\"><br \/>\n<\/span><\/p>\n\n\t\t<\/div>\n\t<\/div>\n<\/div><\/div><div class=\"vc_tta-panel\" id=\"1623244917682-dd38faa0-8491\" data-vc-content=\".vc_tta-panel-body\"><div class=\"vc_tta-panel-heading\"><h4 class=\"vc_tta-panel-title vc_tta-controls-icon-position-left\"><a href=\"#1623244917682-dd38faa0-8491\" data-vc-accordion data-vc-container=\".vc_tta-container\"><span class=\"vc_tta-title-text\">How to chose the right offer that will suit my team ?<\/span><i class=\"vc_tta-controls-icon vc_tta-controls-icon-plus\"><\/i><\/a><\/h4><\/div><div class=\"vc_tta-panel-body\">\n\t<div class=\"wpb_text_column wpb_content_element\" >\n\t\t<div class=\"wpb_wrapper\">\n\t\t\t<p><span style=\"font-weight: 400; color: #ffffff;\">There is several different offer : Minecraft 4 Scrum, Minecraft 4 Kanban, Minecraft 4 Agile Teal and Minecraft 4 UX design.<\/span><\/p>\n<p><span style=\"font-weight: 400; color: #ffffff;\">If you don't know which one to chose, we will remain available on our contact page, you can email us or give us a call and tell us all about your situation.<\/span><\/p>\n\n\t\t<\/div>\n\t<\/div>\n<\/div><\/div><\/div><\/div><\/div><\/div><\/div><\/div><\/div><\/div>","protected":false},"excerpt":{"rendered":"D\u00e9couvrez l&#039;atelier qui vous convient : Construire une vision produitInt\u00e9grer les r\u00f4les de ScrumVivez des sprints !Demander un devis Designez votre syst\u00e8me KanbanVisualisez votre fluxLimitez&hellip;","protected":false},"author":2,"featured_media":0,"parent":0,"menu_order":0,"comment_status":"closed","ping_status":"closed","template":"","meta":{"_monsterinsights_skip_tracking":false,"_monsterinsights_sitenote_active":false,"_monsterinsights_sitenote_note":"","_monsterinsights_sitenote_category":0,"footnotes":""},"yoast_head":"<!-- This site is optimized with the Yoast SEO plugin v21.8 - https:\/\/yoast.com\/wordpress\/plugins\/seo\/ -->\n<title>Les offres - Minecraft 4 Scrum<\/title>\n<meta name=\"robots\" content=\"index, follow, max-snippet:-1, max-image-preview:large, max-video-preview:-1\" \/>\n<link rel=\"canonical\" href=\"https:\/\/minecraft4scrum.net\/en\/les-offres\/\" \/>\n<meta property=\"og:locale\" content=\"en_GB\" \/>\n<meta property=\"og:type\" content=\"article\" \/>\n<meta property=\"og:title\" content=\"Les offres - Minecraft 4 Scrum\" \/>\n<meta property=\"og:url\" content=\"https:\/\/minecraft4scrum.net\/en\/les-offres\/\" \/>\n<meta property=\"og:site_name\" content=\"Minecraft 4 Scrum\" \/>\n<meta property=\"article:modified_time\" content=\"2021-11-15T14:19:49+00:00\" \/>\n<meta name=\"twitter:card\" content=\"summary_large_image\" \/>\n<meta name=\"twitter:label1\" content=\"Estimated reading time\" \/>\n\t<meta name=\"twitter:data1\" content=\"2 minutes\" \/>\n<script type=\"application\/ld+json\" class=\"yoast-schema-graph\">{\"@context\":\"https:\/\/schema.org\",\"@graph\":[{\"@type\":\"WebPage\",\"@id\":\"https:\/\/minecraft4scrum.net\/les-offres\/\",\"url\":\"https:\/\/minecraft4scrum.net\/les-offres\/\",\"name\":\"Les offres - Minecraft 4 Scrum\",\"isPartOf\":{\"@id\":\"https:\/\/minecraft4scrum.net\/en\/#website\"},\"datePublished\":\"2018-05-12T13:29:46+00:00\",\"dateModified\":\"2021-11-15T14:19:49+00:00\",\"breadcrumb\":{\"@id\":\"https:\/\/minecraft4scrum.net\/les-offres\/#breadcrumb\"},\"inLanguage\":\"en-GB\",\"potentialAction\":[{\"@type\":\"ReadAction\",\"target\":[\"https:\/\/minecraft4scrum.net\/les-offres\/\"]}]},{\"@type\":\"BreadcrumbList\",\"@id\":\"https:\/\/minecraft4scrum.net\/les-offres\/#breadcrumb\",\"itemListElement\":[{\"@type\":\"ListItem\",\"position\":1,\"name\":\"Accueil\",\"item\":\"https:\/\/minecraft4scrum.net\/\"},{\"@type\":\"ListItem\",\"position\":2,\"name\":\"Les offres\"}]},{\"@type\":\"WebSite\",\"@id\":\"https:\/\/minecraft4scrum.net\/en\/#website\",\"url\":\"https:\/\/minecraft4scrum.net\/en\/\",\"name\":\"Minecraft 4 Scrum\",\"description\":\"Le Serious Game qui vous rend agile.\",\"potentialAction\":[{\"@type\":\"SearchAction\",\"target\":{\"@type\":\"EntryPoint\",\"urlTemplate\":\"https:\/\/minecraft4scrum.net\/en\/?s={search_term_string}\"},\"query-input\":\"required name=search_term_string\"}],\"inLanguage\":\"en-GB\"}]}<\/script>\n<!-- \/ Yoast SEO plugin. -->","yoast_head_json":{"title":"Les offres - Minecraft 4 Scrum","robots":{"index":"index","follow":"follow","max-snippet":"max-snippet:-1","max-image-preview":"max-image-preview:large","max-video-preview":"max-video-preview:-1"},"canonical":"https:\/\/minecraft4scrum.net\/en\/les-offres\/","og_locale":"en_GB","og_type":"article","og_title":"Les offres - Minecraft 4 Scrum","og_url":"https:\/\/minecraft4scrum.net\/en\/les-offres\/","og_site_name":"Minecraft 4 Scrum","article_modified_time":"2021-11-15T14:19:49+00:00","twitter_card":"summary_large_image","twitter_misc":{"Estimated reading time":"2 minutes"},"schema":{"@context":"https:\/\/schema.org","@graph":[{"@type":"WebPage","@id":"https:\/\/minecraft4scrum.net\/les-offres\/","url":"https:\/\/minecraft4scrum.net\/les-offres\/","name":"Les offres - Minecraft 4 Scrum","isPartOf":{"@id":"https:\/\/minecraft4scrum.net\/en\/#website"},"datePublished":"2018-05-12T13:29:46+00:00","dateModified":"2021-11-15T14:19:49+00:00","breadcrumb":{"@id":"https:\/\/minecraft4scrum.net\/les-offres\/#breadcrumb"},"inLanguage":"en-GB","potentialAction":[{"@type":"ReadAction","target":["https:\/\/minecraft4scrum.net\/les-offres\/"]}]},{"@type":"BreadcrumbList","@id":"https:\/\/minecraft4scrum.net\/les-offres\/#breadcrumb","itemListElement":[{"@type":"ListItem","position":1,"name":"Accueil","item":"https:\/\/minecraft4scrum.net\/"},{"@type":"ListItem","position":2,"name":"Les offres"}]},{"@type":"WebSite","@id":"https:\/\/minecraft4scrum.net\/en\/#website","url":"https:\/\/minecraft4scrum.net\/en\/","name":"Minecraft 4 Scrum","description":"Le Serious Game qui vous rend agile.","potentialAction":[{"@type":"SearchAction","target":{"@type":"EntryPoint","urlTemplate":"https:\/\/minecraft4scrum.net\/en\/?s={search_term_string}"},"query-input":"required name=search_term_string"}],"inLanguage":"en-GB"}]}},"jetpack_sharing_enabled":true,"_links":{"self":[{"href":"https:\/\/minecraft4scrum.net\/en\/wp-json\/wp\/v2\/pages\/2569"}],"collection":[{"href":"https:\/\/minecraft4scrum.net\/en\/wp-json\/wp\/v2\/pages"}],"about":[{"href":"https:\/\/minecraft4scrum.net\/en\/wp-json\/wp\/v2\/types\/page"}],"author":[{"embeddable":true,"href":"https:\/\/minecraft4scrum.net\/en\/wp-json\/wp\/v2\/users\/2"}],"replies":[{"embeddable":true,"href":"https:\/\/minecraft4scrum.net\/en\/wp-json\/wp\/v2\/comments?post=2569"}],"version-history":[{"count":48,"href":"https:\/\/minecraft4scrum.net\/en\/wp-json\/wp\/v2\/pages\/2569\/revisions"}],"predecessor-version":[{"id":5118,"href":"https:\/\/minecraft4scrum.net\/en\/wp-json\/wp\/v2\/pages\/2569\/revisions\/5118"}],"wp:attachment":[{"href":"https:\/\/minecraft4scrum.net\/en\/wp-json\/wp\/v2\/media?parent=2569"}],"curies":[{"name":"wp","href":"https:\/\/api.w.org\/{rel}","templated":true}]}}